{"id":309,"date":"2025-06-01T09:28:26","date_gmt":"2025-06-01T09:28:26","guid":{"rendered":"https:\/\/mybow.ch\/?page_id=309"},"modified":"2026-03-02T17:24:54","modified_gmt":"2026-03-02T17:24:54","slug":"kunden","status":"publish","type":"page","link":"https:\/\/mybow.ch\/fr\/kunden\/","title":{"rendered":"Clients"},"content":{"rendered":"","protected":false},"excerpt":{"rendered":"","protected":false},"author":2,"featured_media":0,"parent":0,"menu_order":0,"comment_status":"closed","ping_status":"closed","template":"","meta":{"_monsterinsights_skip_tracking":false,"_monsterinsights_sitenote_active":false,"_monsterinsights_sitenote_note":"","_monsterinsights_sitenote_category":0,"_uf_show_specific_survey":0,"_uf_disable_surveys":false,"footnotes":""},"class_list":["post-309","page","type-page","status-publish","hentry"],"yoast_head":"<!-- This site is optimized with the Yoast SEO plugin v27.3 - https:\/\/yoast.com\/product\/yoast-seo-wordpress\/ -->\n<title>Kundenstories. Genussvolle Branding Geschichten | mybow.ch<\/title>\n<meta name=\"description\" content=\"Entdecke echte Kundenstories rund um Branding, Design &amp; Marketing. Erfolgreiche Projekte aus Gastronomie, Food und KMU \u2013 von und mit mybow.\" \/>\n<meta name=\"robots\" content=\"index, follow, max-snippet:-1, max-image-preview:large, max-video-preview:-1\" \/>\n<link rel=\"canonical\" href=\"https:\/\/mybow.ch\/fr\/kunden\/\" \/>\n<meta property=\"og:locale\" content=\"fr_FR\" \/>\n<meta property=\"og:type\" content=\"article\" \/>\n<meta property=\"og:title\" content=\"Kundenstories. Genussvolle Branding Geschichten | mybow.ch\" \/>\n<meta property=\"og:description\" content=\"Entdecke echte Kundenstories rund um Branding, Design &amp; Marketing. Erfolgreiche Projekte aus Gastronomie, Food und KMU \u2013 von und mit mybow.\" \/>\n<meta property=\"og:url\" content=\"https:\/\/mybow.ch\/fr\/kunden\/\" \/>\n<meta property=\"og:site_name\" content=\"mybow&reg; gmbh | China Foods Alliance\" \/>\n<meta property=\"article:publisher\" content=\"https:\/\/www.facebook.com\/mybow.ch\" \/>\n<meta property=\"article:modified_time\" content=\"2026-03-02T17:24:54+00:00\" \/>\n<meta property=\"og:image\" content=\"https:\/\/mybow.ch\/wp-content\/uploads\/2025\/05\/mybow-Flyer-2024-210-x-148-mm-2.jpg\" \/>\n\t<meta property=\"og:image:width\" content=\"2000\" \/>\n\t<meta property=\"og:image:height\" content=\"1410\" \/>\n\t<meta property=\"og:image:type\" content=\"image\/jpeg\" \/>\n<meta name=\"twitter:card\" content=\"summary_large_image\" \/>\n<meta name=\"twitter:label1\" content=\"Dur\u00e9e de lecture estim\u00e9e\" \/>\n\t<meta name=\"twitter:data1\" content=\"5 minutes\" \/>\n<script type=\"application\/ld+json\" class=\"yoast-schema-graph\">{\"@context\":\"https:\\\/\\\/schema.org\",\"@graph\":[{\"@type\":\"WebPage\",\"@id\":\"https:\\\/\\\/mybow.ch\\\/kunden\\\/\",\"url\":\"https:\\\/\\\/mybow.ch\\\/kunden\\\/\",\"name\":\"Kundenstories. Genussvolle Branding Geschichten | mybow.ch\",\"isPartOf\":{\"@id\":\"https:\\\/\\\/mybow.ch\\\/#website\"},\"datePublished\":\"2025-06-01T09:28:26+00:00\",\"dateModified\":\"2026-03-02T17:24:54+00:00\",\"description\":\"Entdecke echte Kundenstories rund um Branding, Design & Marketing. Erfolgreiche Projekte aus Gastronomie, Food und KMU \u2013 von und mit mybow.\",\"breadcrumb\":{\"@id\":\"https:\\\/\\\/mybow.ch\\\/kunden\\\/#breadcrumb\"},\"inLanguage\":\"fr-FR\",\"potentialAction\":[{\"@type\":\"ReadAction\",\"target\":[\"https:\\\/\\\/mybow.ch\\\/kunden\\\/\"]}]},{\"@type\":\"BreadcrumbList\",\"@id\":\"https:\\\/\\\/mybow.ch\\\/kunden\\\/#breadcrumb\",\"itemListElement\":[{\"@type\":\"ListItem\",\"position\":1,\"name\":\"Startseite\",\"item\":\"https:\\\/\\\/mybow.ch\\\/\"},{\"@type\":\"ListItem\",\"position\":2,\"name\":\"Kunden\"}]},{\"@type\":\"WebSite\",\"@id\":\"https:\\\/\\\/mybow.ch\\\/#website\",\"url\":\"https:\\\/\\\/mybow.ch\\\/\",\"name\":\"mybow Brand Consulting\",\"description\":\"Connecting Switzerland &amp; China through Food &amp; Business\",\"publisher\":{\"@id\":\"https:\\\/\\\/mybow.ch\\\/#organization\"},\"alternateName\":\"mybow gmbh\",\"potentialAction\":[{\"@type\":\"SearchAction\",\"target\":{\"@type\":\"EntryPoint\",\"urlTemplate\":\"https:\\\/\\\/mybow.ch\\\/?s={search_term_string}\"},\"query-input\":{\"@type\":\"PropertyValueSpecification\",\"valueRequired\":true,\"valueName\":\"search_term_string\"}}],\"inLanguage\":\"fr-FR\"},{\"@type\":\"Organization\",\"@id\":\"https:\\\/\\\/mybow.ch\\\/#organization\",\"name\":\"mybow\",\"alternateName\":\"mybow gmbh\",\"url\":\"https:\\\/\\\/mybow.ch\\\/\",\"logo\":{\"@type\":\"ImageObject\",\"inLanguage\":\"fr-FR\",\"@id\":\"https:\\\/\\\/mybow.ch\\\/#\\\/schema\\\/logo\\\/image\\\/\",\"url\":\"https:\\\/\\\/mybow.ch\\\/wp-content\\\/uploads\\\/2025\\\/05\\\/mybow-Logo-2.png\",\"contentUrl\":\"https:\\\/\\\/mybow.ch\\\/wp-content\\\/uploads\\\/2025\\\/05\\\/mybow-Logo-2.png\",\"width\":1771,\"height\":1771,\"caption\":\"mybow\"},\"image\":{\"@id\":\"https:\\\/\\\/mybow.ch\\\/#\\\/schema\\\/logo\\\/image\\\/\"},\"sameAs\":[\"https:\\\/\\\/www.facebook.com\\\/mybow.ch\",\"https:\\\/\\\/www.linkedin.com\\\/company\\\/mybow-ch\\\/\",\"https:\\\/\\\/www.instagram.com\\\/mybow.ch\\\/\"]}]}<\/script>\n<!-- \/ Yoast SEO plugin. -->","yoast_head_json":{"title":"T\u00e9moignages clients. Des histoires de branding savoureuses | mybow.ch","description":"D\u00e9couvrez des t\u00e9moignages authentiques de clients sur le branding, le design et le marketing. Des projets couronn\u00e9s de succ\u00e8s dans les domaines de la gastronomie, de l'alimentation et des PME \u2013 par et avec mybow.","robots":{"index":"index","follow":"follow","max-snippet":"max-snippet:-1","max-image-preview":"max-image-preview:large","max-video-preview":"max-video-preview:-1"},"canonical":"https:\/\/mybow.ch\/fr\/kunden\/","og_locale":"fr_FR","og_type":"article","og_title":"Kundenstories. Genussvolle Branding Geschichten | mybow.ch","og_description":"Entdecke echte Kundenstories rund um Branding, Design & Marketing. Erfolgreiche Projekte aus Gastronomie, Food und KMU \u2013 von und mit mybow.","og_url":"https:\/\/mybow.ch\/fr\/kunden\/","og_site_name":"mybow&reg; gmbh | China Foods Alliance","article_publisher":"https:\/\/www.facebook.com\/mybow.ch","article_modified_time":"2026-03-02T17:24:54+00:00","og_image":[{"width":2000,"height":1410,"url":"https:\/\/mybow.ch\/wp-content\/uploads\/2025\/05\/mybow-Flyer-2024-210-x-148-mm-2.jpg","type":"image\/jpeg"}],"twitter_card":"summary_large_image","twitter_misc":{"Dur\u00e9e de lecture estim\u00e9e":"5 minutes"},"schema":{"@context":"https:\/\/schema.org","@graph":[{"@type":"WebPage","@id":"https:\/\/mybow.ch\/kunden\/","url":"https:\/\/mybow.ch\/kunden\/","name":"T\u00e9moignages clients. Des histoires de branding savoureuses | mybow.ch","isPartOf":{"@id":"https:\/\/mybow.ch\/#website"},"datePublished":"2025-06-01T09:28:26+00:00","dateModified":"2026-03-02T17:24:54+00:00","description":"D\u00e9couvrez des t\u00e9moignages authentiques de clients sur le branding, le design et le marketing. Des projets couronn\u00e9s de succ\u00e8s dans les domaines de la gastronomie, de l'alimentation et des PME \u2013 par et avec mybow.","breadcrumb":{"@id":"https:\/\/mybow.ch\/kunden\/#breadcrumb"},"inLanguage":"fr-FR","potentialAction":[{"@type":"ReadAction","target":["https:\/\/mybow.ch\/kunden\/"]}]},{"@type":"BreadcrumbList","@id":"https:\/\/mybow.ch\/kunden\/#breadcrumb","itemListElement":[{"@type":"ListItem","position":1,"name":"Startseite","item":"https:\/\/mybow.ch\/"},{"@type":"ListItem","position":2,"name":"Kunden"}]},{"@type":"WebSite","@id":"https:\/\/mybow.ch\/#website","url":"https:\/\/mybow.ch\/","name":"mybow Brand Consulting","description":"Connecter la Suisse et la Chine par l'alimentation et le commerce","publisher":{"@id":"https:\/\/mybow.ch\/#organization"},"alternateName":"mybow gmbh","potentialAction":[{"@type":"SearchAction","target":{"@type":"EntryPoint","urlTemplate":"https:\/\/mybow.ch\/?s={search_term_string}"},"query-input":{"@type":"PropertyValueSpecification","valueRequired":true,"valueName":"search_term_string"}}],"inLanguage":"fr-FR"},{"@type":"Organization","@id":"https:\/\/mybow.ch\/#organization","name":"mybow","alternateName":"mybow gmbh","url":"https:\/\/mybow.ch\/","logo":{"@type":"ImageObject","inLanguage":"fr-FR","@id":"https:\/\/mybow.ch\/#\/schema\/logo\/image\/","url":"https:\/\/mybow.ch\/wp-content\/uploads\/2025\/05\/mybow-Logo-2.png","contentUrl":"https:\/\/mybow.ch\/wp-content\/uploads\/2025\/05\/mybow-Logo-2.png","width":1771,"height":1771,"caption":"mybow"},"image":{"@id":"https:\/\/mybow.ch\/#\/schema\/logo\/image\/"},"sameAs":["https:\/\/www.facebook.com\/mybow.ch","https:\/\/www.linkedin.com\/company\/mybow-ch\/","https:\/\/www.instagram.com\/mybow.ch\/"]}]}},"_links":{"self":[{"href":"https:\/\/mybow.ch\/fr\/wp-json\/wp\/v2\/pages\/309","targetHints":{"allow":["GET"]}}],"collection":[{"href":"https:\/\/mybow.ch\/fr\/wp-json\/wp\/v2\/pages"}],"about":[{"href":"https:\/\/mybow.ch\/fr\/wp-json\/wp\/v2\/types\/page"}],"author":[{"embeddable":true,"href":"https:\/\/mybow.ch\/fr\/wp-json\/wp\/v2\/users\/2"}],"replies":[{"embeddable":true,"href":"https:\/\/mybow.ch\/fr\/wp-json\/wp\/v2\/comments?post=309"}],"version-history":[{"count":3,"href":"https:\/\/mybow.ch\/fr\/wp-json\/wp\/v2\/pages\/309\/revisions"}],"predecessor-version":[{"id":1192,"href":"https:\/\/mybow.ch\/fr\/wp-json\/wp\/v2\/pages\/309\/revisions\/1192"}],"wp:attachment":[{"href":"https:\/\/mybow.ch\/fr\/wp-json\/wp\/v2\/media?parent=309"}],"curies":[{"name":"wp","href":"https:\/\/api.w.org\/{rel}","templated":true}]}}